{"id":54,"date":"2026-02-09T15:07:20","date_gmt":"2026-02-09T14:07:20","guid":{"rendered":"https:\/\/redaiepito.hu\/?page_id=54"},"modified":"2026-03-25T17:02:27","modified_gmt":"2026-03-25T16:02:27","slug":"kapcsolat","status":"publish","type":"page","link":"https:\/\/redaiepito.hu\/de\/kapcsolat\/","title":{"rendered":"Kontakt"},"content":{"rendered":"\t\t<div data-elementor-type=\"wp-page\" data-elementor-id=\"54\" class=\"elementor elementor-54\" data-elementor-post-type=\"page\">\n\t\t\t\t<div class=\"elementor-element elementor-element-29238e3c e-flex e-con-boxed e-con e-parent\" data-id=\"29238e3c\" data-element_type=\"container\" data-e-type=\"container\" data-settings=\"{&quot;background_background&quot;:&quot;classic&quot;}\">\n\t\t\t\t\t<div class=\"e-con-inner\">\n\t\t<div class=\"elementor-element elementor-element-7eee1292 e-con-full e-flex e-con e-child\" data-id=\"7eee1292\" data-element_type=\"container\" data-e-type=\"container\" data-settings=\"{&quot;background_background&quot;:&quot;classic&quot;}\">\n\t\t\t\t<div class=\"elementor-element elementor-element-3c8f1cdd elementor-widget elementor-widget-heading\" data-id=\"3c8f1cdd\" data-element_type=\"widget\" data-e-type=\"widget\" data-widget_type=\"heading.default\">\n\t\t\t\t\t<h1 class=\"elementor-heading-title elementor-size-default\">Kapcsolat<\/h1>\t\t\t\t<\/div>\n\t\t\t\t<div class=\"elementor-element elementor-element-58c3b88c elementor-widget-divider--view-line elementor-widget elementor-widget-divider\" data-id=\"58c3b88c\" data-element_type=\"widget\" data-e-type=\"widget\" data-widget_type=\"divider.default\">\n\t\t\t\t\t\t\t<div class=\"elementor-divider\">\n\t\t\t<span class=\"elementor-divider-separator\">\n\t\t\t\t\t\t<\/span>\n\t\t<\/div>\n\t\t\t\t\t\t<\/div>\n\t\t\t\t<div class=\"elementor-element elementor-element-e4abc34 elementor-widget elementor-widget-heading\" data-id=\"e4abc34\" data-element_type=\"widget\" data-e-type=\"widget\" data-widget_type=\"heading.default\">\n\t\t\t\t\t<h1 class=\"elementor-heading-title elementor-size-default\">Vegye fel vel\u00fcnk a kapcsolatot<\/h1>\t\t\t\t<\/div>\n\t\t\t\t<div class=\"elementor-element elementor-element-473fddbd elementor-widget__width-initial elementor-widget elementor-widget-text-editor\" data-id=\"473fddbd\" data-element_type=\"widget\" data-e-type=\"widget\" data-widget_type=\"text-editor.default\">\n\t\t\t\t\t\t\t\t\t<p class=\"p1\">Ha megb\u00edzhat\u00f3, g\u00e9pparkkal rendelkez\u0151 kivitelez\u0151t keres, aki egy k\u00e9zben tartja a teljes folyamatot, keressen minket bizalommal.<\/p>\t\t\t\t\t\t\t\t<\/div>\n\t\t\t\t<div class=\"elementor-element elementor-element-312a7a4d e-grid-align-left elementor-shape-rounded elementor-grid-0 elementor-widget elementor-widget-social-icons\" data-id=\"312a7a4d\" data-element_type=\"widget\" data-e-type=\"widget\" data-widget_type=\"social-icons.default\">\n\t\t\t\t\t\t\t<div class=\"elementor-social-icons-wrapper elementor-grid\">\n\t\t\t\t\t\t\t<span class=\"elementor-grid-item\">\n\t\t\t\t\t<a class=\"elementor-icon elementor-social-icon elementor-social-icon-facebook elementor-repeater-item-b9bc6a9\" href=\"https:\/\/www.facebook.com\/share\/1CD6JnzzgJ\/?mibextid=wwXIfr\" target=\"_blank\">\n\t\t\t\t\t\t<span class=\"elementor-screen-only\">Facebook<\/span>\n\t\t\t\t\t\t<svg aria-hidden=\"true\" class=\"e-font-icon-svg e-fab-facebook\" viewBox=\"0 0 512 512\" xmlns=\"http:\/\/www.w3.org\/2000\/svg\"><path d=\"M504 256C504 119 393 8 256 8S8 119 8 256c0 123.78 90.69 226.38 209.25 245V327.69h-63V256h63v-54.64c0-62.15 37-96.48 93.67-96.48 27.14 0 55.52 4.84 55.52 4.84v61h-31.28c-30.8 0-40.41 19.12-40.41 38.73V256h68.78l-11 71.69h-57.78V501C413.31 482.38 504 379.78 504 256z\"><\/path><\/svg>\t\t\t\t\t<\/a>\n\t\t\t\t<\/span>\n\t\t\t\t\t<\/div>\n\t\t\t\t\t\t<\/div>\n\t\t\t\t<\/div>\n\t\t<div class=\"elementor-element elementor-element-2ef01543 e-con-full e-flex e-con e-child\" data-id=\"2ef01543\" data-element_type=\"container\" data-e-type=\"container\">\n\t\t<a class=\"elementor-element elementor-element-49d6cfd e-con-full services-box e-flex e-con e-child\" data-id=\"49d6cfd\" data-element_type=\"container\" data-e-type=\"container\" data-settings=\"{&quot;background_background&quot;:&quot;classic&quot;}\" href=\"#map\">\n\t\t\t\t<div class=\"elementor-element elementor-element-7d809f3 elementor-view-default elementor-widget elementor-widget-icon\" data-id=\"7d809f3\" data-element_type=\"widget\" data-e-type=\"widget\" data-widget_type=\"icon.default\">\n\t\t\t\t\t\t\t<div class=\"elementor-icon-wrapper\">\n\t\t\t<div class=\"elementor-icon\">\n\t\t\t<svg xmlns=\"http:\/\/www.w3.org\/2000\/svg\" id=\"Layer_1\" data-name=\"Layer 1\" viewBox=\"0 0 24 24\"><path d=\"M12,0C5.383,0,0,5.383,0,12s5.383,12,12,12,12-5.383,12-12S18.617,0,12,0Zm0,23c-6.065,0-11-4.935-11-11S5.935,1,12,1s11,4.935,11,11-4.935,11-11,11Zm0-17.973L6.229,14.679l-.007,.011c-.266,.471-.268,1.035-.006,1.51,.287,.517,.826,.806,1.365,.806,.24,0,.48-.058,.698-.179l3.721-1.605,3.694,1.584c.472,.261,1.038,.26,1.51-.006,.745-.419,1.01-1.367,.584-2.123L11.999,5.027Zm4.716,10.902c-.166,.094-.368,.095-.581-.02l-4.134-1.775-4.16,1.797c-.263,.145-.601,.051-.748-.214-.092-.167-.092-.366,0-.532L12.001,6.973l4.924,8.207c.148,.264,.054,.601-.21,.749Z\"><\/path><\/svg>\t\t\t<\/div>\n\t\t<\/div>\n\t\t\t\t\t\t<\/div>\n\t\t\t\t<div class=\"elementor-element elementor-element-41939e11 elementor-widget elementor-widget-heading\" data-id=\"41939e11\" data-element_type=\"widget\" data-e-type=\"widget\" data-widget_type=\"heading.default\">\n\t\t\t\t\t<h3 class=\"elementor-heading-title elementor-size-default\">C\u00edm<\/h3>\t\t\t\t<\/div>\n\t\t\t\t<div class=\"elementor-element elementor-element-3d598492 elementor-widget__width-initial elementor-widget elementor-widget-text-editor\" data-id=\"3d598492\" data-element_type=\"widget\" data-e-type=\"widget\" data-widget_type=\"text-editor.default\">\n\t\t\t\t\t\t\t\t\t<p>46\u00b016&#8217;40.8&#8243;N 18\u00b027&#8217;56.5&#8243;E<\/p>\t\t\t\t\t\t\t\t<\/div>\n\t\t\t\t<\/a>\n\t\t<a class=\"elementor-element elementor-element-3563655b e-con-full services-box e-flex e-con e-child\" data-id=\"3563655b\" data-element_type=\"container\" data-e-type=\"container\" data-settings=\"{&quot;background_background&quot;:&quot;classic&quot;}\" href=\"tel:6302527182\">\n\t\t\t\t<div class=\"elementor-element elementor-element-62a38e1a elementor-view-default elementor-widget elementor-widget-icon\" data-id=\"62a38e1a\" data-element_type=\"widget\" data-e-type=\"widget\" data-widget_type=\"icon.default\">\n\t\t\t\t\t\t\t<div class=\"elementor-icon-wrapper\">\n\t\t\t<div class=\"elementor-icon\">\n\t\t\t<svg xmlns=\"http:\/\/www.w3.org\/2000\/svg\" id=\"Layer_1\" data-name=\"Layer 1\" viewBox=\"0 0 24 24\" width=\"512\" height=\"512\"><path d=\"M12,24C5.383,24,0,18.617,0,12S5.383,0,12,0s12,5.383,12,12-5.383,12-12,12ZM12,1C5.935,1,1,5.935,1,12s4.935,11,11,11,11-4.935,11-11S18.065,1,12,1Zm8,14h-5v-2.747c-.471-.245-1.613-.753-3-.753s-2.529,.504-3,.749v2.751H4v-2.523c0-.997,.397-1.945,1.12-2.667,1.433-1.433,4.004-2.296,6.877-2.31,2.864,0,5.436,.863,6.882,2.31h0c.724,.723,1.121,1.671,1.12,2.668v2.522Zm-4-1h3v-1.522c0-.73-.293-1.427-.827-1.961-1.244-1.244-3.61-2.017-6.173-2.017-2.614,.012-4.922,.766-6.173,2.017-.534,.534-.828,1.23-.827,1.96v1.523h3v-2.319l.231-.147c.066-.042,1.647-1.034,3.769-1.034s3.704,.998,3.77,1.041l.23,.147v2.312Z\"><\/path><\/svg>\t\t\t<\/div>\n\t\t<\/div>\n\t\t\t\t\t\t<\/div>\n\t\t\t\t<div class=\"elementor-element elementor-element-4327a8ef elementor-widget elementor-widget-heading\" data-id=\"4327a8ef\" data-element_type=\"widget\" data-e-type=\"widget\" data-widget_type=\"heading.default\">\n\t\t\t\t\t<h3 class=\"elementor-heading-title elementor-size-default\">Telefon<\/h3>\t\t\t\t<\/div>\n\t\t\t\t<div class=\"elementor-element elementor-element-2b720cfd elementor-widget__width-initial elementor-widget elementor-widget-text-editor\" data-id=\"2b720cfd\" data-element_type=\"widget\" data-e-type=\"widget\" data-widget_type=\"text-editor.default\">\n\t\t\t\t\t\t\t\t\t<p class=\"p1\">06302527182<\/p>\t\t\t\t\t\t\t\t<\/div>\n\t\t\t\t<\/a>\n\t\t<a class=\"elementor-element elementor-element-c20775c e-con-full services-box e-flex e-con e-child\" data-id=\"c20775c\" data-element_type=\"container\" data-e-type=\"container\" data-settings=\"{&quot;background_background&quot;:&quot;classic&quot;}\" href=\"mailto:info@redaiepito.hu\">\n\t\t\t\t<div class=\"elementor-element elementor-element-25ce6033 elementor-view-default elementor-widget elementor-widget-icon\" data-id=\"25ce6033\" data-element_type=\"widget\" data-e-type=\"widget\" data-widget_type=\"icon.default\">\n\t\t\t\t\t\t\t<div class=\"elementor-icon-wrapper\">\n\t\t\t<div class=\"elementor-icon\">\n\t\t\t<svg xmlns=\"http:\/\/www.w3.org\/2000\/svg\" id=\"Layer_1\" data-name=\"Layer 1\" viewBox=\"0 0 24 24\" width=\"512\" height=\"512\"><path d=\"M15.5,6h-.003l-7,.005c-1.929,0-3.497,1.571-3.497,3.5v3.998c0,.935,.364,1.814,1.025,2.474,.66,.659,1.538,1.022,2.473,1.022h7.004c1.929,0,3.498-1.571,3.498-3.5v-4c0-.936-.364-1.815-1.026-2.476-.661-.66-1.539-1.024-2.474-1.024Zm-.003,1h.003c.62,0,1.206,.225,1.664,.635l-3.814,3.815c-.717,.717-1.966,.717-2.683,0l-3.819-3.819c.44-.388,1.017-.625,1.649-.625l7-.005Zm2.503,6.5c0,1.378-1.121,2.499-2.498,2.5h-7.004c-.667,0-1.295-.259-1.767-.73-.472-.471-.731-1.099-.731-1.767v-3.998c0-.382,.086-.744,.24-1.068l3.72,3.72c.548,.547,1.275,.849,2.049,.849s1.501-.301,2.048-.849l3.711-3.711c.152,.326,.232,.684,.232,1.055v4ZM12,0C5.383,0,0,5.383,0,12s5.383,12,12,12,12-5.383,12-12S18.617,0,12,0Zm0,23c-6.065,0-11-4.935-11-11S5.935,1,12,1s11,4.935,11,11-4.935,11-11,11Z\"><\/path><\/svg>\t\t\t<\/div>\n\t\t<\/div>\n\t\t\t\t\t\t<\/div>\n\t\t\t\t<div class=\"elementor-element elementor-element-62dee90f elementor-widget elementor-widget-heading\" data-id=\"62dee90f\" data-element_type=\"widget\" data-e-type=\"widget\" data-widget_type=\"heading.default\">\n\t\t\t\t\t<h3 class=\"elementor-heading-title elementor-size-default\">E-mail<\/h3>\t\t\t\t<\/div>\n\t\t\t\t<div class=\"elementor-element elementor-element-2876cd92 elementor-widget__width-initial elementor-widget elementor-widget-text-editor\" data-id=\"2876cd92\" data-element_type=\"widget\" data-e-type=\"widget\" data-widget_type=\"text-editor.default\">\n\t\t\t\t\t\t\t\t\t<p class=\"p1\">info@redaiepito.hu<\/p>\t\t\t\t\t\t\t\t<\/div>\n\t\t\t\t<\/a>\n\t\t\t\t<\/div>\n\t\t<div class=\"elementor-element elementor-element-4be7eaf e-con-full e-flex e-con e-child\" data-id=\"4be7eaf\" data-element_type=\"container\" data-e-type=\"container\" data-settings=\"{&quot;background_background&quot;:&quot;classic&quot;}\">\n\t\t\t\t<div class=\"elementor-element elementor-element-0fa8cc4 elementor-widget elementor-widget-heading\" data-id=\"0fa8cc4\" data-element_type=\"widget\" data-e-type=\"widget\" data-widget_type=\"heading.default\">\n\t\t\t\t\t<h1 class=\"elementor-heading-title elementor-size-default\">K\u00e9rjen szem\u00e9lyre szabott aj\u00e1nlatot<\/h1>\t\t\t\t<\/div>\n\t\t\t\t<div class=\"elementor-element elementor-element-619b5f2 elementor-widget__width-initial elementor-widget elementor-widget-text-editor\" data-id=\"619b5f2\" data-element_type=\"widget\" data-e-type=\"widget\" data-widget_type=\"text-editor.default\">\n\t\t\t\t\t\t\t\t\t<p class=\"p1\">\u00cdrja meg elk\u00e9pzel\u00e9s\u00e9t, \u00e9s r\u00f6vid id\u0151n bel\u00fcl felvessz\u00fck \u00d6nnel a kapcsolatot.<\/p>\t\t\t\t\t\t\t\t<\/div>\n\t\t\t\t<\/div>\n\t\t<div class=\"elementor-element elementor-element-2239aee e-con-full e-flex e-con e-child\" data-id=\"2239aee\" data-element_type=\"container\" data-e-type=\"container\">\n\t\t<div class=\"elementor-element elementor-element-4cd9b854 e-con-full e-flex e-con e-child\" data-id=\"4cd9b854\" data-element_type=\"container\" data-e-type=\"container\" data-settings=\"{&quot;background_background&quot;:&quot;classic&quot;}\">\n\t\t\t\t<div class=\"elementor-element elementor-element-738cd78 elementor-widget elementor-widget-image\" data-id=\"738cd78\" data-element_type=\"widget\" data-e-type=\"widget\" data-widget_type=\"image.default\">\n\t\t\t\t\t\t\t\t\t\t\t\t\t\t\t<img fetchpriority=\"high\" decoding=\"async\" width=\"651\" height=\"535\" src=\"https:\/\/redaiepito.hu\/wp-content\/uploads\/2026\/02\/Logo-Photoroom.png\" class=\"attachment-large size-large wp-image-163\" alt=\"\" srcset=\"https:\/\/redaiepito.hu\/wp-content\/uploads\/2026\/02\/Logo-Photoroom.png 651w, https:\/\/redaiepito.hu\/wp-content\/uploads\/2026\/02\/Logo-Photoroom-300x247.png 300w\" sizes=\"(max-width: 651px) 100vw, 651px\" \/>\t\t\t\t\t\t\t\t\t\t\t\t\t\t\t<\/div>\n\t\t\t\t<\/div>\n\t\t<div class=\"elementor-element elementor-element-6e27dd10 e-con-full e-flex e-con e-child\" data-id=\"6e27dd10\" data-element_type=\"container\" data-e-type=\"container\" data-settings=\"{&quot;background_background&quot;:&quot;classic&quot;}\">\n\t\t\t\t<div class=\"elementor-element elementor-element-224faf07 elementor-button-align-stretch elementor-widget elementor-widget-form\" data-id=\"224faf07\" data-element_type=\"widget\" data-e-type=\"widget\" data-settings=\"{&quot;button_width&quot;:&quot;33&quot;,&quot;step_next_label&quot;:&quot;K\\u00f6vetkez\\u0151&quot;,&quot;step_previous_label&quot;:&quot;El\\u0151z\\u0151&quot;,&quot;step_type&quot;:&quot;number_text&quot;,&quot;step_icon_shape&quot;:&quot;circle&quot;}\" data-widget_type=\"form.default\">\n\t\t\t\t\t\t\t<form class=\"elementor-form\" method=\"post\" name=\"kapcsolat-form\" aria-label=\"kapcsolat-form\">\n\t\t\t<input type=\"hidden\" name=\"post_id\" value=\"54\"\/>\n\t\t\t<input type=\"hidden\" name=\"form_id\" value=\"224faf07\"\/>\n\t\t\t<input type=\"hidden\" name=\"referer_title\" value=\"Kapcsolat\" \/>\n\n\t\t\t\t\t\t\t<input type=\"hidden\" name=\"queried_id\" value=\"54\"\/>\n\t\t\t\n\t\t\t<div class=\"elementor-form-fields-wrapper elementor-labels-above\">\n\t\t\t\t\t\t\t\t<div class=\"elementor-field-type-text elementor-field-group elementor-column elementor-field-group-name elementor-col-50 elementor-field-required\">\n\t\t\t\t\t\t\t\t\t\t\t\t<label for=\"form-field-name\" class=\"elementor-field-label\">\n\t\t\t\t\t\t\t\tN\u00e9v\t\t\t\t\t\t\t<\/label>\n\t\t\t\t\t\t\t\t\t\t\t\t\t\t<input size=\"1\" type=\"text\" name=\"form_fields[name]\" id=\"form-field-name\" class=\"elementor-field elementor-size-md  elementor-field-textual\" placeholder=\"------\" required=\"required\">\n\t\t\t\t\t\t\t\t\t\t\t<\/div>\n\t\t\t\t\t\t\t\t<div class=\"elementor-field-type-email elementor-field-group elementor-column elementor-field-group-email elementor-col-50 elementor-field-required\">\n\t\t\t\t\t\t\t\t\t\t\t\t<label for=\"form-field-email\" class=\"elementor-field-label\">\n\t\t\t\t\t\t\t\tEmail\t\t\t\t\t\t\t<\/label>\n\t\t\t\t\t\t\t\t\t\t\t\t\t\t<input size=\"1\" type=\"email\" name=\"form_fields[email]\" id=\"form-field-email\" class=\"elementor-field elementor-size-md  elementor-field-textual\" placeholder=\"------\" required=\"required\">\n\t\t\t\t\t\t\t\t\t\t\t<\/div>\n\t\t\t\t\t\t\t\t<div class=\"elementor-field-type-tel elementor-field-group elementor-column elementor-field-group-field_806b8fa elementor-col-100 elementor-field-required\">\n\t\t\t\t\t\t\t\t\t\t\t\t<label for=\"form-field-field_806b8fa\" class=\"elementor-field-label\">\n\t\t\t\t\t\t\t\tTelefonsz\u00e1m\t\t\t\t\t\t\t<\/label>\n\t\t\t\t\t\t\t\t<input size=\"1\" type=\"tel\" name=\"form_fields[field_806b8fa]\" id=\"form-field-field_806b8fa\" class=\"elementor-field elementor-size-md  elementor-field-textual\" placeholder=\"------\" required=\"required\" pattern=\"[0-9()#&amp;+*-=.]+\" title=\"Nur Nummern oder Telefon-Zeichen (#, -, *, etc) werden akzeptiert.\">\n\n\t\t\t\t\t\t<\/div>\n\t\t\t\t\t\t\t\t<div class=\"elementor-field-type-checkbox elementor-field-group elementor-column elementor-field-group-message elementor-col-100\">\n\t\t\t\t\t\t\t\t\t\t\t\t<label for=\"form-field-message\" class=\"elementor-field-label\">\n\t\t\t\t\t\t\t\tA munka t\u00edpusa\t\t\t\t\t\t\t<\/label>\n\t\t\t\t\t\t<div class=\"elementor-field-subgroup  elementor-subgroup-inline\"><span class=\"elementor-field-option\"><input type=\"checkbox\" value=\"T\u00e9rk\u0151rak\u00e1s\" id=\"form-field-message-0\" name=\"form_fields[message][]\"> <label for=\"form-field-message-0\">T\u00e9rk\u0151rak\u00e1s<\/label><\/span><span class=\"elementor-field-option\"><input type=\"checkbox\" value=\"Betonoz\u00e1s\" id=\"form-field-message-1\" name=\"form_fields[message][]\"> <label for=\"form-field-message-1\">Betonoz\u00e1s<\/label><\/span><span class=\"elementor-field-option\"><input type=\"checkbox\" value=\"\u00c1gyazatk\u00e9sz\u00edt\u00e9s\" id=\"form-field-message-2\" name=\"form_fields[message][]\"> <label for=\"form-field-message-2\">\u00c1gyazatk\u00e9sz\u00edt\u00e9s<\/label><\/span><span class=\"elementor-field-option\"><input type=\"checkbox\" value=\" G\u00e9pi f\u00f6ldmunka\" id=\"form-field-message-3\" name=\"form_fields[message][]\"> <label for=\"form-field-message-3\"> G\u00e9pi f\u00f6ldmunka<\/label><\/span><span class=\"elementor-field-option\"><input type=\"checkbox\" value=\" Ker\u00edt\u00e9s\u00e9p\u00edt\u00e9s\" id=\"form-field-message-4\" name=\"form_fields[message][]\"> <label for=\"form-field-message-4\"> Ker\u00edt\u00e9s\u00e9p\u00edt\u00e9s<\/label><\/span><span class=\"elementor-field-option\"><input type=\"checkbox\" value=\"Egy\u00e9b \u00e9p\u00edt\u0151ipari munka \" id=\"form-field-message-5\" name=\"form_fields[message][]\"> <label for=\"form-field-message-5\">Egy\u00e9b \u00e9p\u00edt\u0151ipari munka <\/label><\/span><\/div>\t\t\t\t<\/div>\n\t\t\t\t\t\t\t\t<div class=\"elementor-field-type-text elementor-field-group elementor-column elementor-field-group-field_30f1c69 elementor-col-50 elementor-field-required\">\n\t\t\t\t\t\t\t\t\t\t\t\t<label for=\"form-field-field_30f1c69\" class=\"elementor-field-label\">\n\t\t\t\t\t\t\t\tA munka helysz\u00edne\t\t\t\t\t\t\t<\/label>\n\t\t\t\t\t\t\t\t\t\t\t\t\t\t<input size=\"1\" type=\"text\" name=\"form_fields[field_30f1c69]\" id=\"form-field-field_30f1c69\" class=\"elementor-field elementor-size-md  elementor-field-textual\" placeholder=\"------\" required=\"required\">\n\t\t\t\t\t\t\t\t\t\t\t<\/div>\n\t\t\t\t\t\t\t\t<div class=\"elementor-field-type-text elementor-field-group elementor-column elementor-field-group-field_584d81b elementor-col-50 elementor-field-required\">\n\t\t\t\t\t\t\t\t\t\t\t\t<label for=\"form-field-field_584d81b\" class=\"elementor-field-label\">\n\t\t\t\t\t\t\t\tBecs\u00fclt m\u00e9ret \/ mennyis\u00e9g\t\t\t\t\t\t\t<\/label>\n\t\t\t\t\t\t\t\t\t\t\t\t\t\t<input size=\"1\" type=\"text\" name=\"form_fields[field_584d81b]\" id=\"form-field-field_584d81b\" class=\"elementor-field elementor-size-md  elementor-field-textual\" placeholder=\"------\" required=\"required\">\n\t\t\t\t\t\t\t\t\t\t\t<\/div>\n\t\t\t\t\t\t\t\t<div class=\"elementor-field-type-text elementor-field-group elementor-column elementor-field-group-field_d23e705 elementor-col-100 elementor-field-required\">\n\t\t\t\t\t\t\t\t\t\t\t\t<label for=\"form-field-field_d23e705\" class=\"elementor-field-label\">\n\t\t\t\t\t\t\t\tTervezett kezd\u00e9s id\u0151pontja\t\t\t\t\t\t\t<\/label>\n\t\t\t\t\t\t\t\t\t\t\t\t\t\t<input size=\"1\" type=\"text\" name=\"form_fields[field_d23e705]\" id=\"form-field-field_d23e705\" class=\"elementor-field elementor-size-md  elementor-field-textual\" placeholder=\"------\" required=\"required\">\n\t\t\t\t\t\t\t\t\t\t\t<\/div>\n\t\t\t\t\t\t\t\t<div class=\"elementor-field-type-textarea elementor-field-group elementor-column elementor-field-group-field_1c26368 elementor-col-100 elementor-field-required\">\n\t\t\t\t\t\t\t\t\t\t\t\t<label for=\"form-field-field_1c26368\" class=\"elementor-field-label\">\n\t\t\t\t\t\t\t\tR\u00f6vid le\u00edr\u00e1s a munk\u00e1r\u00f3l\t\t\t\t\t\t\t<\/label>\n\t\t\t\t\t\t<textarea class=\"elementor-field-textual elementor-field  elementor-size-md\" name=\"form_fields[field_1c26368]\" id=\"form-field-field_1c26368\" rows=\"4\" placeholder=\" Pl.: mit kell bontani, \u00faj kivitelez\u00e9s vagy fel\u00faj\u00edt\u00e1s, van-e m\u00e1r alap, burkolat..\" required=\"required\"><\/textarea>\t\t\t\t<\/div>\n\t\t\t\t\t\t\t\t<div class=\"elementor-field-type-upload elementor-field-group elementor-column elementor-field-group-field_64aa6c9 elementor-col-100\">\n\t\t\t\t\t\t\t\t\t\t\t\t<label for=\"form-field-field_64aa6c9\" class=\"elementor-field-label\">\n\t\t\t\t\t\t\t\tCsatolm\u00e1ny\t\t\t\t\t\t\t<\/label>\n\t\t\t\t\t\t\t\t<input type=\"file\" name=\"form_fields[field_64aa6c9]\" id=\"form-field-field_64aa6c9\" class=\"elementor-field elementor-size-md  elementor-upload-field\">\n\n\t\t\t\t\t\t<\/div>\n\t\t\t\t\t\t\t\t<div class=\"elementor-field-type-acceptance elementor-field-group elementor-column elementor-field-group-field_d98d200 elementor-col-100 elementor-field-required\">\n\t\t\t\t\t\t\t\t\t\t\t\t<label for=\"form-field-field_d98d200\" class=\"elementor-field-label\">\n\t\t\t\t\t\t\t\tGDPR\t\t\t\t\t\t\t<\/label>\n\t\t\t\t\t\t\t\t<div class=\"elementor-field-subgroup\">\n\t\t\t<span class=\"elementor-field-option\">\n\t\t\t\t<input type=\"checkbox\" name=\"form_fields[field_d98d200]\" id=\"form-field-field_d98d200\" class=\"elementor-field elementor-size-md  elementor-acceptance-field\" required=\"required\">\n\t\t\t\t<label for=\"form-field-field_d98d200\">Elfogadom az\n<a\n  style=\"color: #C85349\"\n  onmouseover=\"this.style.color = '#FFFFFF'\"\n  onmouseout=\"this.style.color = '#C85349'\"\n  target=\"_blank\"\n  href=\"\"\n  >adatv\u00e9delmi t\u00e1j\u00e9koztat\u00f3t!<\/a\n><\/label>\t\t\t<\/span>\n\t\t<\/div>\n\t\t\t\t\t\t<\/div>\n\t\t\t\t\t\t\t\t<div class=\"elementor-field-type-recaptcha_v3 elementor-field-group elementor-column elementor-field-group-field_b5021da elementor-col-100 recaptcha_v3-bottomright\">\n\t\t\t\t\t<div class=\"elementor-field\" id=\"form-field-field_b5021da\"><div class=\"elementor-g-recaptcha\" data-sitekey=\"6LeRH34sAAAAAJBVS5fkYmL7eKrI_UzDdBLVpF56\" data-type=\"v3\" data-action=\"Form\" data-badge=\"bottomright\" data-size=\"invisible\"><\/div><\/div>\t\t\t\t<\/div>\n\t\t\t\t\t\t\t\t<div class=\"elementor-field-group elementor-column elementor-field-type-submit elementor-col-33 e-form__buttons\">\n\t\t\t\t\t<button class=\"elementor-button elementor-size-sm\" type=\"submit\">\n\t\t\t\t\t\t<span class=\"elementor-button-content-wrapper\">\n\t\t\t\t\t\t\t\t\t\t\t\t\t\t\t\t\t\t\t\t\t\t<span class=\"elementor-button-text\">Aj\u00e1nlatot k\u00e9rek<\/span>\n\t\t\t\t\t\t\t\t\t\t\t\t\t<\/span>\n\t\t\t\t\t<\/button>\n\t\t\t\t<\/div>\n\t\t\t<\/div>\n\t\t<\/form>\n\t\t\t\t\t\t<\/div>\n\t\t\t\t<\/div>\n\t\t\t\t<\/div>\n\t\t<div class=\"elementor-element elementor-element-543438ee e-con-full e-flex e-con e-child\" data-id=\"543438ee\" data-element_type=\"container\" data-e-type=\"container\" id=\"map\">\n\t\t\t\t<div class=\"elementor-element elementor-element-44ebb8d1 elementor-widget elementor-widget-google_maps\" data-id=\"44ebb8d1\" data-element_type=\"widget\" data-e-type=\"widget\" data-widget_type=\"google_maps.default\">\n\t\t\t\t\t\t\t<div class=\"elementor-custom-embed\">\n\t\t\t<iframe loading=\"lazy\"\n\t\t\t\t\tsrc=\"https:\/\/maps.google.com\/maps?q=46%C2%B016%2740.8%22N%2018%C2%B027%2756.5%22E&#038;t=m&#038;z=15&#038;output=embed&#038;iwloc=near\"\n\t\t\t\t\ttitle=\"46\u00b016&#039;40.8&quot;N 18\u00b027&#039;56.5&quot;E\"\n\t\t\t\t\taria-label=\"46\u00b016&#039;40.8&quot;N 18\u00b027&#039;56.5&quot;E\"\n\t\t\t><\/iframe>\n\t\t<\/div>\n\t\t\t\t\t\t<\/div>\n\t\t\t\t<\/div>\n\t\t\t\t\t<\/div>\n\t\t\t\t<\/div>\n\t\t\t\t<\/div>\n\t\t","protected":false},"excerpt":{"rendered":"<p>Kapcsolat Vegye fel vel\u00fcnk a kapcsolatot Ha megb\u00edzhat\u00f3, g\u00e9pparkkal rendelkez\u0151 kivitelez\u0151t keres, aki egy k\u00e9zben tartja a teljes folyamatot, keressen minket bizalommal. Facebook C\u00edm 46\u00b016&#8217;40.8&#8243;N 18\u00b027&#8217;56.5&#8243;E Telefon 06302527182 E-mail info@redaiepito.hu K\u00e9rjen szem\u00e9lyre szabott aj\u00e1nlatot \u00cdrja meg elk\u00e9pzel\u00e9s\u00e9t, \u00e9s r\u00f6vid id\u0151n bel\u00fcl felvessz\u00fck \u00d6nnel a kapcsolatot.<\/p>","protected":false},"author":1,"featured_media":0,"parent":0,"menu_order":0,"comment_status":"closed","ping_status":"closed","template":"elementor_header_footer","meta":{"inline_featured_image":false,"footnotes":""},"class_list":["post-54","page","type-page","status-publish","hentry"],"_links":{"self":[{"href":"https:\/\/redaiepito.hu\/de\/wp-json\/wp\/v2\/pages\/54","targetHints":{"allow":["GET"]}}],"collection":[{"href":"https:\/\/redaiepito.hu\/de\/wp-json\/wp\/v2\/pages"}],"about":[{"href":"https:\/\/redaiepito.hu\/de\/wp-json\/wp\/v2\/types\/page"}],"author":[{"embeddable":true,"href":"https:\/\/redaiepito.hu\/de\/wp-json\/wp\/v2\/users\/1"}],"replies":[{"embeddable":true,"href":"https:\/\/redaiepito.hu\/de\/wp-json\/wp\/v2\/comments?post=54"}],"version-history":[{"count":148,"href":"https:\/\/redaiepito.hu\/de\/wp-json\/wp\/v2\/pages\/54\/revisions"}],"predecessor-version":[{"id":2778,"href":"https:\/\/redaiepito.hu\/de\/wp-json\/wp\/v2\/pages\/54\/revisions\/2778"}],"wp:attachment":[{"href":"https:\/\/redaiepito.hu\/de\/wp-json\/wp\/v2\/media?parent=54"}],"curies":[{"name":"wp","href":"https:\/\/api.w.org\/{rel}","templated":true}]}}