{"id":478,"date":"2026-02-11T19:25:56","date_gmt":"2026-02-11T18:25:56","guid":{"rendered":"https:\/\/redaiepito.hu\/?page_id=478"},"modified":"2026-02-27T18:36:35","modified_gmt":"2026-02-27T17:36:35","slug":"rolunk","status":"publish","type":"page","link":"https:\/\/redaiepito.hu\/de\/rolunk\/","title":{"rendered":"\u00dcber uns"},"content":{"rendered":"<div data-elementor-type=\"wp-page\" data-elementor-id=\"478\" class=\"elementor elementor-478\" data-elementor-post-type=\"page\">\n\t\t\t\t<div class=\"elementor-element elementor-element-ad2f183 elementor-hidden-desktop elementor-hidden-tablet elementor-hidden-mobile e-flex e-con-boxed e-con e-parent\" data-id=\"ad2f183\" data-element_type=\"container\" data-e-type=\"container\" data-settings=\"{&quot;background_background&quot;:&quot;classic&quot;}\">\n\t\t\t\t\t<div class=\"e-con-inner\">\n\t\t\t\t\t<\/div>\n\t\t\t\t<\/div>\n\t\t<div class=\"elementor-element elementor-element-e7ecfc8 e-con-full elementor-hidden-desktop elementor-hidden-tablet elementor-hidden-mobile e-flex e-con e-parent\" data-id=\"e7ecfc8\" data-element_type=\"container\" data-e-type=\"container\" data-settings=\"{&quot;background_background&quot;:&quot;classic&quot;}\">\n\t\t<div class=\"elementor-element elementor-element-4da3128 e-con-full e-flex e-con e-child\" data-id=\"4da3128\" data-element_type=\"container\" data-e-type=\"container\">\n\t\t<div class=\"elementor-element elementor-element-30d7097 e-con-full e-flex e-con e-child\" data-id=\"30d7097\" data-element_type=\"container\" data-e-type=\"container\" data-settings=\"{&quot;background_background&quot;:&quot;classic&quot;}\">\n\t\t<div class=\"elementor-element elementor-element-046ccd2 e-con-full e-flex e-con e-child\" data-id=\"046ccd2\" data-element_type=\"container\" data-e-type=\"container\" data-settings=\"{&quot;background_background&quot;:&quot;classic&quot;}\">\n\t\t<div class=\"elementor-element elementor-element-101b6eb e-con-full e-flex e-con e-child\" data-id=\"101b6eb\" data-element_type=\"container\" data-e-type=\"container\">\n\t\t\t\t<div class=\"elementor-element elementor-element-495f00a elementor-widget elementor-widget-heading\" data-id=\"495f00a\" data-element_type=\"widget\" data-e-type=\"widget\" data-widget_type=\"heading.default\">\n\t\t\t\t\t<h2 class=\"elementor-heading-title elementor-size-default\">Vorstellung<\/h2>\t\t\t\t<\/div>\n\t\t\t\t<div class=\"elementor-element elementor-element-22a5513 elementor-widget-divider--view-line elementor-widget elementor-widget-divider\" data-id=\"22a5513\" data-element_type=\"widget\" data-e-type=\"widget\" data-widget_type=\"divider.default\">\n\t\t\t\t\t\t\t<div class=\"elementor-divider\">\n\t\t\t<span class=\"elementor-divider-separator\">\n\t\t\t\t\t\t<\/span>\n\t\t<\/div>\n\t\t\t\t\t\t<\/div>\n\t\t\t\t<\/div>\n\t\t<div class=\"elementor-element elementor-element-edeebfd e-con-full e-flex e-con e-child\" data-id=\"edeebfd\" data-element_type=\"container\" data-e-type=\"container\">\n\t\t<div class=\"elementor-element elementor-element-216a2ba e-con-full e-flex e-con e-child\" data-id=\"216a2ba\" data-element_type=\"container\" data-e-type=\"container\">\n\t\t\t\t<div class=\"elementor-element elementor-element-b366a12 elementor-widget__width-initial elementor-widget elementor-widget-text-editor\" data-id=\"b366a12\" data-element_type=\"widget\" data-e-type=\"widget\" data-widget_type=\"text-editor.default\">\n\t\t\t\t\t\t\t\t\t<p class=\"p1\">Unser Unternehmen, die REDAI \u00c9p\u00edt\u0151ipari Kft., erhielt 2023 ihre heutige Form, jedoch ist unser Inhaber, Ill\u00e9s R\u00e9dai, bereits seit mehr als 10 Jahren im Baugewerbe t\u00e4tig \u2013 sowohl als Einzelunternehmer als auch als Angestellter.<\/p>\t\t\t\t\t\t\t\t<\/div>\n\t\t\t\t<div class=\"elementor-element elementor-element-ff6bce9 elementor-widget__width-initial elementor-widget elementor-widget-text-editor\" data-id=\"ff6bce9\" data-element_type=\"widget\" data-e-type=\"widget\" data-widget_type=\"text-editor.default\">\n\t\t\t\t\t\t\t\t\t<p class=\"p1\">Seit unserer Unternehmensgr\u00fcndung im Jahr 2023 haben wir uns stark weiterentwickelt. Die Anzahl unserer Mitarbeiter ist von anf\u00e4nglich 1\u20132 Personen auf eine feste Belegschaft von 5\u20137 Personen gewachsen, wir haben ein B\u00fcro er\u00f6ffnet und in einem Industriepark ein \u00fcber einen halben Hektar gro\u00dfes Grundst\u00fcck erworben, das heute als unser Firmensitz dient.<\/p>\t\t\t\t\t\t\t\t<\/div>\n\t\t\t\t<\/div>\n\t\t<div class=\"elementor-element elementor-element-b5c2955 e-con-full e-flex e-con e-child\" data-id=\"b5c2955\" data-element_type=\"container\" data-e-type=\"container\">\n\t\t\t\t<div class=\"elementor-element elementor-element-06d7497 elementor-widget__width-initial elementor-widget elementor-widget-text-editor\" data-id=\"06d7497\" data-element_type=\"widget\" data-e-type=\"widget\" data-widget_type=\"text-editor.default\">\n\t\t\t\t\t\t\t\t\t<p class=\"p1\">Unser Maschinenpark begann 2023 mit einem 1,5-Tonnen-Minibagger, seitdem haben wir \u2013 ohne Anspruch auf Vollst\u00e4ndigkeit \u2013 folgende Maschinen angeschafft: einen 18-Tonnen-Mobilbagger, einen Bobcat-Kompaktlader, einen 3,5-Tonnen-Kipper, einen 9-Sitzer-Transporter, einen 15-Tonnen-Kran-Kipper, vier verschiedene R\u00fcttelplatten, einen Stampfer, einen Elektrostapler sowie zahlreiche kleinere, aber umso wichtigere Maschinen und Ger\u00e4te.<\/p>\t\t\t\t\t\t\t\t<\/div>\n\t\t\t\t<div class=\"elementor-element elementor-element-59a78c4 elementor-widget__width-initial elementor-widget elementor-widget-text-editor\" data-id=\"59a78c4\" data-element_type=\"widget\" data-e-type=\"widget\" data-widget_type=\"text-editor.default\">\n\t\t\t\t\t\t\t\t\t<p class=\"p1\">Auch auf die Entwicklung unseres Standorts haben wir gro\u00dfen Wert gelegt, um unsere Maschinen fachgerecht warten, unsere Fahrzeuge reinigen und unsere Partner in einem eigenen B\u00fcro empfangen zu k\u00f6nnen. Insgesamt verf\u00fcgen wir \u00fcber mehr als 100 m\u00b2 geschlossene Lagerkapazit\u00e4t, eine 40 m\u00b2 gro\u00dfe Werkstatt sowie eine 2.000 m\u00b2 betonierte Fl\u00e4che.<\/p>\t\t\t\t\t\t\t\t<\/div>\n\t\t\t\t<div class=\"elementor-element elementor-element-911cd5d elementor-widget__width-initial elementor-widget elementor-widget-text-editor\" data-id=\"911cd5d\" data-element_type=\"widget\" data-e-type=\"widget\" data-widget_type=\"text-editor.default\">\n\t\t\t\t\t\t\t\t\t<p class=\"p1\">Eigener Standort, eigener Maschinenpark \u2013 maximale Kontrolle \u00fcber alle Arbeitsprozesse.<\/p>\t\t\t\t\t\t\t\t<\/div>\n\t\t\t\t<\/div>\n\t\t\t\t<\/div>\n\t\t\t\t<\/div>\n\t\t\t\t<\/div>\n\t\t\t\t<\/div>\n\t\t<div class=\"elementor-element elementor-element-5b9a2e8 e-con-full e-flex e-con e-child\" data-id=\"5b9a2e8\" data-element_type=\"container\" data-e-type=\"container\">\n\t\t<div class=\"elementor-element elementor-element-f36a5d0 e-con-full e-flex e-con e-child\" data-id=\"f36a5d0\" data-element_type=\"container\" data-e-type=\"container\" data-settings=\"{&quot;background_background&quot;:&quot;classic&quot;}\">\n\t\t<div class=\"elementor-element elementor-element-cf1c65b e-con-full e-flex e-con e-child\" data-id=\"cf1c65b\" data-element_type=\"container\" data-e-type=\"container\" data-settings=\"{&quot;background_background&quot;:&quot;classic&quot;}\">\n\t\t<div class=\"elementor-element elementor-element-ac586c2 e-con-full e-flex e-con e-child\" data-id=\"ac586c2\" data-element_type=\"container\" data-e-type=\"container\">\n\t\t\t\t<div class=\"elementor-element elementor-element-d2f4258 elementor-widget elementor-widget-heading\" data-id=\"d2f4258\" data-element_type=\"widget\" data-e-type=\"widget\" data-widget_type=\"heading.default\">\n\t\t\t\t\t<h2 class=\"elementor-heading-title elementor-size-default\">Unsere Mitarbeiter<\/h2>\t\t\t\t<\/div>\n\t\t\t\t<div class=\"elementor-element elementor-element-1a91a33 elementor-widget-divider--view-line elementor-widget elementor-widget-divider\" data-id=\"1a91a33\" data-element_type=\"widget\" data-e-type=\"widget\" data-widget_type=\"divider.default\">\n\t\t\t\t\t\t\t<div class=\"elementor-divider\">\n\t\t\t<span class=\"elementor-divider-separator\">\n\t\t\t\t\t\t<\/span>\n\t\t<\/div>\n\t\t\t\t\t\t<\/div>\n\t\t\t\t<\/div>\n\t\t<div class=\"elementor-element elementor-element-d2728e2 e-con-full e-flex e-con e-child\" data-id=\"d2728e2\" data-element_type=\"container\" data-e-type=\"container\">\n\t\t<div class=\"elementor-element elementor-element-66a53ba e-con-full e-flex e-con e-child\" data-id=\"66a53ba\" data-element_type=\"container\" data-e-type=\"container\">\n\t\t\t\t<div class=\"elementor-element elementor-element-bc0f95e elementor-widget__width-initial elementor-widget elementor-widget-text-editor\" data-id=\"bc0f95e\" data-element_type=\"widget\" data-e-type=\"widget\" data-widget_type=\"text-editor.default\">\n\t\t\t\t\t\t\t\t\t<p class=\"p1\">Mit der Anzahl unserer Mitarbeiter hatten wir nie Probleme \u2013 zahlreiche Bewerber melden sich bei uns, unabh\u00e4ngig davon, ob wir aktuell Personal suchen oder nicht. Ich w\u00e4hle sehr sorgf\u00e4ltig aus, wen ich einstelle, da unter den aktuellen Marktbedingungen viele dem guten Ruf unseres Unternehmens \u2013 basierend auf Kundenr\u00fcckmeldungen \u2013 eher schaden w\u00fcrden.<\/p>\t\t\t\t\t\t\t\t<\/div>\n\t\t\t\t<div class=\"elementor-element elementor-element-a1a5ea4 elementor-widget__width-initial elementor-widget elementor-widget-text-editor\" data-id=\"a1a5ea4\" data-element_type=\"widget\" data-e-type=\"widget\" data-widget_type=\"text-editor.default\">\n\t\t\t\t\t\t\t\t\t<p class=\"p1\">Bei uns ist es undenkbar, dass jemand alkoholisiert oder unausgeruht am Arbeitsort erscheint. Nach ein bis zwei solchen Vorf\u00e4llen w\u00fcrden wir uns bereits voneinander trennen. Es gibt eine Regel im Unternehmen, die ich sehr ernst nehme: Wer einmal geht, kann nicht zur\u00fcckkehren.<\/p>\t\t\t\t\t\t\t\t<\/div>\n\t\t\t\t<\/div>\n\t\t<div class=\"elementor-element elementor-element-0329d9f e-con-full e-flex e-con e-child\" data-id=\"0329d9f\" data-element_type=\"container\" data-e-type=\"container\">\n\t\t\t\t<div class=\"elementor-element elementor-element-4767ed2 elementor-widget__width-initial elementor-widget elementor-widget-text-editor\" data-id=\"4767ed2\" data-element_type=\"widget\" data-e-type=\"widget\" data-widget_type=\"text-editor.default\">\n\t\t\t\t\t\t\t\t\t<p class=\"p1\">Das wissen auch unsere Mitarbeiter ganz genau, daher sind sie meiner Einsch\u00e4tzung nach zuverl\u00e4ssig, pr\u00e4zise und \u2013 was mir besonders gut tut, wenn ich R\u00fcckmeldungen \u00fcber sie erhalte \u2013 respektvoll gegen\u00fcber allen.<\/p>\t\t\t\t\t\t\t\t<\/div>\n\t\t\t\t<div class=\"elementor-element elementor-element-42e4080 elementor-widget__width-initial elementor-widget elementor-widget-text-editor\" data-id=\"42e4080\" data-element_type=\"widget\" data-e-type=\"widget\" data-widget_type=\"text-editor.default\">\n\t\t\t\t\t\t\t\t\t<p class=\"p1\">Die Zusammensetzung unseres Teams ist in der Regel wie folgt: ein Facharbeiter und zwei Hilfsarbeiter.<\/p>\t\t\t\t\t\t\t\t<\/div>\n\t\t\t\t<div class=\"elementor-element elementor-element-62a9bc1 elementor-widget__width-initial elementor-widget elementor-widget-text-editor\" data-id=\"62a9bc1\" data-element_type=\"widget\" data-e-type=\"widget\" data-widget_type=\"text-editor.default\">\n\t\t\t\t\t\t\t\t\t<p class=\"p1\">Disziplin, Fachkompetenz und Respekt \u2013 das h\u00e4lt unser Team zusammen.<\/p>\t\t\t\t\t\t\t\t<\/div>\n\t\t\t\t<\/div>\n\t\t\t\t<\/div>\n\t\t\t\t<\/div>\n\t\t\t\t<\/div>\n\t\t\t\t<\/div>\n\t\t\t\t<\/div>\n\t\t<div class=\"elementor-element elementor-element-1733106 e-con-full e-flex e-con e-parent\" data-id=\"1733106\" data-element_type=\"container\" data-e-type=\"container\" data-settings=\"{&quot;background_background&quot;:&quot;classic&quot;}\">\n\t\t<div class=\"elementor-element elementor-element-6450d69 e-con-full e-flex e-con e-child\" data-id=\"6450d69\" data-element_type=\"container\" data-e-type=\"container\">\n\t\t<div class=\"elementor-element elementor-element-571c32a e-con-full e-flex e-con e-child\" data-id=\"571c32a\" data-element_type=\"container\" data-e-type=\"container\" data-settings=\"{&quot;background_background&quot;:&quot;classic&quot;}\">\n\t\t<div class=\"elementor-element elementor-element-6162837 e-con-full e-flex e-con e-child\" data-id=\"6162837\" data-element_type=\"container\" data-e-type=\"container\" data-settings=\"{&quot;background_background&quot;:&quot;classic&quot;}\">\n\t\t<div class=\"elementor-element elementor-element-211360c e-con-full e-flex e-con e-child\" data-id=\"211360c\" data-element_type=\"container\" data-e-type=\"container\">\n\t\t\t\t<div class=\"elementor-element elementor-element-fa607f3 elementor-widget elementor-widget-heading\" data-id=\"fa607f3\" data-element_type=\"widget\" data-e-type=\"widget\" data-widget_type=\"heading.default\">\n\t\t\t\t\t<h2 class=\"elementor-heading-title elementor-size-default\">Vorstellung<\/h2>\t\t\t\t<\/div>\n\t\t\t\t<div class=\"elementor-element elementor-element-fac4f29 elementor-widget-divider--view-line elementor-widget elementor-widget-divider\" data-id=\"fac4f29\" data-element_type=\"widget\" data-e-type=\"widget\" data-widget_type=\"divider.default\">\n\t\t\t\t\t\t\t<div class=\"elementor-divider\">\n\t\t\t<span class=\"elementor-divider-separator\">\n\t\t\t\t\t\t<\/span>\n\t\t<\/div>\n\t\t\t\t\t\t<\/div>\n\t\t\t\t<\/div>\n\t\t<div class=\"elementor-element elementor-element-1d13f38 e-con-full e-flex e-con e-child\" data-id=\"1d13f38\" data-element_type=\"container\" data-e-type=\"container\">\n\t\t<div class=\"elementor-element elementor-element-e9a5907 e-con-full e-flex e-con e-child\" data-id=\"e9a5907\" data-element_type=\"container\" data-e-type=\"container\">\n\t\t\t\t<div class=\"elementor-element elementor-element-5580076 elementor-widget__width-initial elementor-widget elementor-widget-text-editor\" data-id=\"5580076\" data-element_type=\"widget\" data-e-type=\"widget\" data-widget_type=\"text-editor.default\">\n\t\t\t\t\t\t\t\t\t<p class=\"p1\">Unser Unternehmen, die REDAI \u00c9p\u00edt\u0151ipari Kft., erhielt 2023 ihre heutige Form, jedoch ist unser Inhaber, Ill\u00e9s R\u00e9dai, bereits seit mehr als 10 Jahren im Baugewerbe t\u00e4tig \u2013 sowohl als Einzelunternehmer als auch als Angestellter.<\/p>\t\t\t\t\t\t\t\t<\/div>\n\t\t\t\t<div class=\"elementor-element elementor-element-54f3de8 elementor-widget__width-initial elementor-widget elementor-widget-text-editor\" data-id=\"54f3de8\" data-element_type=\"widget\" data-e-type=\"widget\" data-widget_type=\"text-editor.default\">\n\t\t\t\t\t\t\t\t\t<p class=\"p1\">Seit unserer Unternehmensgr\u00fcndung im Jahr 2023 haben wir uns stark weiterentwickelt. Die Anzahl unserer Mitarbeiter ist von anf\u00e4nglich 1\u20132 Personen auf eine feste Belegschaft von 5\u20137 Personen gewachsen, wir haben ein B\u00fcro er\u00f6ffnet und in einem Industriepark ein \u00fcber einen halben Hektar gro\u00dfes Grundst\u00fcck erworben, das heute als unser Firmensitz dient.<\/p>\t\t\t\t\t\t\t\t<\/div>\n\t\t\t\t<\/div>\n\t\t<div class=\"elementor-element elementor-element-179b2ce e-con-full e-flex e-con e-child\" data-id=\"179b2ce\" data-element_type=\"container\" data-e-type=\"container\">\n\t\t\t\t<div class=\"elementor-element elementor-element-c0481d3 elementor-widget__width-initial elementor-widget elementor-widget-text-editor\" data-id=\"c0481d3\" data-element_type=\"widget\" data-e-type=\"widget\" data-widget_type=\"text-editor.default\">\n\t\t\t\t\t\t\t\t\t<p class=\"p1\">Unser Maschinenpark begann 2023 mit einem 1,5-Tonnen-Minibagger, seitdem haben wir \u2013 ohne Anspruch auf Vollst\u00e4ndigkeit \u2013 folgende Maschinen angeschafft: einen 18-Tonnen-Mobilbagger, einen Bobcat-Kompaktlader, einen 3,5-Tonnen-Kipper, einen 9-Sitzer-Transporter, einen 15-Tonnen-Kran-Kipper, vier verschiedene R\u00fcttelplatten, einen Stampfer, einen Elektrostapler sowie zahlreiche kleinere, aber umso wichtigere Maschinen und Ger\u00e4te.<\/p>\t\t\t\t\t\t\t\t<\/div>\n\t\t\t\t<div class=\"elementor-element elementor-element-007a79d elementor-widget__width-initial elementor-widget elementor-widget-text-editor\" data-id=\"007a79d\" data-element_type=\"widget\" data-e-type=\"widget\" data-widget_type=\"text-editor.default\">\n\t\t\t\t\t\t\t\t\t<p class=\"p1\">Auch auf die Entwicklung unseres Standorts haben wir gro\u00dfen Wert gelegt, um unsere Maschinen fachgerecht warten, unsere Fahrzeuge reinigen und unsere Partner in einem eigenen B\u00fcro empfangen zu k\u00f6nnen. Insgesamt verf\u00fcgen wir \u00fcber mehr als 100 m\u00b2 geschlossene Lagerkapazit\u00e4t, eine 40 m\u00b2 gro\u00dfe Werkstatt sowie eine 2.000 m\u00b2 betonierte Fl\u00e4che.<\/p>\t\t\t\t\t\t\t\t<\/div>\n\t\t\t\t<div class=\"elementor-element elementor-element-21e8dd6 elementor-widget__width-initial elementor-widget elementor-widget-text-editor\" data-id=\"21e8dd6\" data-element_type=\"widget\" data-e-type=\"widget\" data-widget_type=\"text-editor.default\">\n\t\t\t\t\t\t\t\t\t<p class=\"p1\">Eigener Standort, eigener Maschinenpark \u2013 maximale Kontrolle \u00fcber alle Arbeitsprozesse.<\/p>\t\t\t\t\t\t\t\t<\/div>\n\t\t\t\t<\/div>\n\t\t\t\t<\/div>\n\t\t\t\t<\/div>\n\t\t\t\t<\/div>\n\t\t\t\t<\/div>\n\t\t<div class=\"elementor-element elementor-element-27a784c e-con-full e-flex e-con e-child\" data-id=\"27a784c\" data-element_type=\"container\" data-e-type=\"container\">\n\t\t<div class=\"elementor-element elementor-element-00ae785 e-con-full e-flex e-con e-child\" data-id=\"00ae785\" data-element_type=\"container\" data-e-type=\"container\" data-settings=\"{&quot;background_background&quot;:&quot;classic&quot;}\">\n\t\t<div class=\"elementor-element elementor-element-6fa05bb e-con-full e-flex e-con e-child\" data-id=\"6fa05bb\" data-element_type=\"container\" data-e-type=\"container\" data-settings=\"{&quot;background_background&quot;:&quot;classic&quot;}\">\n\t\t<div class=\"elementor-element elementor-element-54dfc59 e-con-full e-flex e-con e-child\" data-id=\"54dfc59\" data-element_type=\"container\" data-e-type=\"container\">\n\t\t\t\t<div class=\"elementor-element elementor-element-7003555 elementor-widget elementor-widget-heading\" data-id=\"7003555\" data-element_type=\"widget\" data-e-type=\"widget\" data-widget_type=\"heading.default\">\n\t\t\t\t\t<h2 class=\"elementor-heading-title elementor-size-default\">Unsere Mitarbeiter<\/h2>\t\t\t\t<\/div>\n\t\t\t\t<div class=\"elementor-element elementor-element-bf45fcc elementor-widget-divider--view-line elementor-widget elementor-widget-divider\" data-id=\"bf45fcc\" data-element_type=\"widget\" data-e-type=\"widget\" data-widget_type=\"divider.default\">\n\t\t\t\t\t\t\t<div class=\"elementor-divider\">\n\t\t\t<span class=\"elementor-divider-separator\">\n\t\t\t\t\t\t<\/span>\n\t\t<\/div>\n\t\t\t\t\t\t<\/div>\n\t\t\t\t<\/div>\n\t\t<div class=\"elementor-element elementor-element-78309a7 e-con-full e-flex e-con e-child\" data-id=\"78309a7\" data-element_type=\"container\" data-e-type=\"container\">\n\t\t<div class=\"elementor-element elementor-element-105869f e-con-full e-flex e-con e-child\" data-id=\"105869f\" data-element_type=\"container\" data-e-type=\"container\">\n\t\t\t\t<div class=\"elementor-element elementor-element-2feb718 elementor-widget__width-initial elementor-widget elementor-widget-text-editor\" data-id=\"2feb718\" data-element_type=\"widget\" data-e-type=\"widget\" data-widget_type=\"text-editor.default\">\n\t\t\t\t\t\t\t\t\t<p class=\"p1\">Mit der Anzahl unserer Mitarbeiter hatten wir nie Probleme \u2013 zahlreiche Bewerber melden sich bei uns, unabh\u00e4ngig davon, ob wir aktuell Personal suchen oder nicht. Ich w\u00e4hle sehr sorgf\u00e4ltig aus, wen ich einstelle, da unter den aktuellen Marktbedingungen viele dem guten Ruf unseres Unternehmens \u2013 basierend auf Kundenr\u00fcckmeldungen \u2013 eher schaden w\u00fcrden.<\/p>\t\t\t\t\t\t\t\t<\/div>\n\t\t\t\t<div class=\"elementor-element elementor-element-24910a0 elementor-widget__width-initial elementor-widget elementor-widget-text-editor\" data-id=\"24910a0\" data-element_type=\"widget\" data-e-type=\"widget\" data-widget_type=\"text-editor.default\">\n\t\t\t\t\t\t\t\t\t<p class=\"p1\">Bei uns ist es undenkbar, dass jemand alkoholisiert oder unausgeruht am Arbeitsort erscheint. Nach ein bis zwei solchen Vorf\u00e4llen w\u00fcrden wir uns bereits voneinander trennen. Es gibt eine Regel im Unternehmen, die ich sehr ernst nehme: Wer einmal geht, kann nicht zur\u00fcckkehren.<\/p>\t\t\t\t\t\t\t\t<\/div>\n\t\t\t\t<\/div>\n\t\t<div class=\"elementor-element elementor-element-32bf2dd e-con-full e-flex e-con e-child\" data-id=\"32bf2dd\" data-element_type=\"container\" data-e-type=\"container\">\n\t\t\t\t<div class=\"elementor-element elementor-element-e851844 elementor-widget__width-initial elementor-widget elementor-widget-text-editor\" data-id=\"e851844\" data-element_type=\"widget\" data-e-type=\"widget\" data-widget_type=\"text-editor.default\">\n\t\t\t\t\t\t\t\t\t<p class=\"p1\">Das wissen auch unsere Mitarbeiter ganz genau, daher sind sie meiner Einsch\u00e4tzung nach zuverl\u00e4ssig, pr\u00e4zise und \u2013 was mir besonders gut tut, wenn ich R\u00fcckmeldungen \u00fcber sie erhalte \u2013 respektvoll gegen\u00fcber allen.<\/p>\t\t\t\t\t\t\t\t<\/div>\n\t\t\t\t<div class=\"elementor-element elementor-element-0923f09 elementor-widget__width-initial elementor-widget elementor-widget-text-editor\" data-id=\"0923f09\" data-element_type=\"widget\" data-e-type=\"widget\" data-widget_type=\"text-editor.default\">\n\t\t\t\t\t\t\t\t\t<p class=\"p1\">Die Zusammensetzung unseres Teams ist in der Regel wie folgt: ein Facharbeiter und zwei Hilfsarbeiter.<\/p>\t\t\t\t\t\t\t\t<\/div>\n\t\t\t\t<div class=\"elementor-element elementor-element-3142f5f elementor-widget__width-initial elementor-widget elementor-widget-text-editor\" data-id=\"3142f5f\" data-element_type=\"widget\" data-e-type=\"widget\" data-widget_type=\"text-editor.default\">\n\t\t\t\t\t\t\t\t\t<p class=\"p1\">Disziplin, Fachkompetenz und Respekt \u2013 das h\u00e4lt unser Team zusammen.<\/p>\t\t\t\t\t\t\t\t<\/div>\n\t\t\t\t<\/div>\n\t\t\t\t<\/div>\n\t\t\t\t<\/div>\n\t\t\t\t<\/div>\n\t\t\t\t<\/div>\n\t\t\t\t<\/div>\n\t\t\t\t<\/div>","protected":false},"excerpt":{"rendered":"<p>Bemutatkoz\u00e1s C\u00e9g\u00fcnk, a REDAI \u00c9p\u00edt\u0151ipari Kft. 2023-ban nyerte el mostani form\u00e1j\u00e1t, de tulajdonosunk, R\u00e9dai Ill\u00e9s egy\u00e9ni v\u00e1llalkoz\u00f3k\u00e9nt, illetve alkalmazottk\u00e9nt m\u00e1r t\u00f6bb mint 10 \u00e9ve dolgozik \u00e9p\u00edt\u0151iparban. 2023-as c\u00e9gg\u00e9 alakul\u00e1sunk \u00f3ta rengeteget fejl\u0151dt\u00fcnk. Munkav\u00e1llal\u00f3ink l\u00e9tsz\u00e1ma a kezdeti 1-2 f\u0151r\u0151l mostanra \u00e1lland\u00f3 5-7 f\u0151re n\u0151tt, irod\u00e1t nyitottunk, ipari parkban egy t\u00f6bb, mint f\u00e9l hekt\u00e1ros ter\u00fcletet vett\u00fcnk, ami [&hellip;]<\/p>\n","protected":false},"author":1,"featured_media":0,"parent":0,"menu_order":0,"comment_status":"closed","ping_status":"closed","template":"","meta":{"inline_featured_image":false,"footnotes":""},"class_list":["post-478","page","type-page","status-publish","hentry"],"_links":{"self":[{"href":"https:\/\/redaiepito.hu\/de\/wp-json\/wp\/v2\/pages\/478","targetHints":{"allow":["GET"]}}],"collection":[{"href":"https:\/\/redaiepito.hu\/de\/wp-json\/wp\/v2\/pages"}],"about":[{"href":"https:\/\/redaiepito.hu\/de\/wp-json\/wp\/v2\/types\/page"}],"author":[{"embeddable":true,"href":"https:\/\/redaiepito.hu\/de\/wp-json\/wp\/v2\/users\/1"}],"replies":[{"embeddable":true,"href":"https:\/\/redaiepito.hu\/de\/wp-json\/wp\/v2\/comments?post=478"}],"version-history":[{"count":235,"href":"https:\/\/redaiepito.hu\/de\/wp-json\/wp\/v2\/pages\/478\/revisions"}],"predecessor-version":[{"id":2398,"href":"https:\/\/redaiepito.hu\/de\/wp-json\/wp\/v2\/pages\/478\/revisions\/2398"}],"wp:attachment":[{"href":"https:\/\/redaiepito.hu\/de\/wp-json\/wp\/v2\/media?parent=478"}],"curies":[{"name":"wp","href":"https:\/\/api.w.org\/{rel}","templated":true}]}}